{"id":240,"date":"2025-05-03T07:15:42","date_gmt":"2025-05-03T07:15:42","guid":{"rendered":"https:\/\/flamboyant-elion.62-116-169-194.plesk.page\/?page_id=240"},"modified":"2025-06-06T11:30:47","modified_gmt":"2025-06-06T11:30:47","slug":"vorgehen","status":"publish","type":"page","link":"https:\/\/anarosh.nl\/?page_id=240","title":{"rendered":"Vorgehen"},"content":{"rendered":"\t\t<div data-elementor-type=\"wp-page\" data-elementor-id=\"240\" class=\"elementor elementor-240\" data-elementor-post-type=\"page\">\n\t\t\t\t<div class=\"elementor-element elementor-element-05bbc29 e-flex e-con-boxed e-con e-parent\" data-id=\"05bbc29\" data-element_type=\"container\" data-settings=\"{&quot;background_background&quot;:&quot;classic&quot;}\">\n\t\t\t\t\t<div class=\"e-con-inner\">\n\t\t\t\t<div class=\"elementor-element elementor-element-1001250 elementor-nav-menu__align-justify elementor-nav-menu--dropdown-tablet elementor-nav-menu__text-align-aside elementor-nav-menu--toggle elementor-nav-menu--burger elementor-widget elementor-widget-nav-menu\" data-id=\"1001250\" data-element_type=\"widget\" data-settings=\"{&quot;layout&quot;:&quot;horizontal&quot;,&quot;submenu_icon&quot;:{&quot;value&quot;:&quot;&lt;svg class=\\&quot;e-font-icon-svg e-fas-caret-down\\&quot; viewBox=\\&quot;0 0 320 512\\&quot; xmlns=\\&quot;http:\\\/\\\/www.w3.org\\\/2000\\\/svg\\&quot;&gt;&lt;path d=\\&quot;M31.3 192h257.3c17.8 0 26.7 21.5 14.1 34.1L174.1 354.8c-7.8 7.8-20.5 7.8-28.3 0L17.2 226.1C4.6 213.5 13.5 192 31.3 192z\\&quot;&gt;&lt;\\\/path&gt;&lt;\\\/svg&gt;&quot;,&quot;library&quot;:&quot;fa-solid&quot;},&quot;toggle&quot;:&quot;burger&quot;}\" data-widget_type=\"nav-menu.default\">\n\t\t\t\t<div class=\"elementor-widget-container\">\n\t\t\t\t\t\t\t\t<nav aria-label=\"Menu\" class=\"elementor-nav-menu--main elementor-nav-menu__container elementor-nav-menu--layout-horizontal e--pointer-underline e--animation-fade\">\n\t\t\t\t<ul id=\"menu-1-1001250\" class=\"elementor-nav-menu\"><li class=\"menu-item menu-item-type-post_type menu-item-object-page menu-item-260\"><a href=\"https:\/\/anarosh.nl\/?page_id=225\" class=\"elementor-item\">Home<\/a><\/li>\n<li class=\"menu-item menu-item-type-post_type menu-item-object-page menu-item-259\"><a href=\"https:\/\/anarosh.nl\/?page_id=230\" class=\"elementor-item\">\u00dcber Anarosh<\/a><\/li>\n<li class=\"menu-item menu-item-type-post_type menu-item-object-page menu-item-258\"><a href=\"https:\/\/anarosh.nl\/?page_id=235\" class=\"elementor-item\">Wer ist Ekta Anarosh<\/a><\/li>\n<li class=\"menu-item menu-item-type-post_type menu-item-object-page menu-item-257\"><a href=\"https:\/\/anarosh.nl\/?page_id=240\" class=\"elementor-item\">Vorgehen<\/a><\/li>\n<li class=\"menu-item menu-item-type-post_type menu-item-object-page menu-item-256\"><a href=\"https:\/\/anarosh.nl\/?page_id=245\" class=\"elementor-item\">Sponsors<\/a><\/li>\n<li class=\"menu-item menu-item-type-post_type menu-item-object-page menu-item-255\"><a href=\"https:\/\/anarosh.nl\/?page_id=250\" class=\"elementor-item\">Contact<\/a><\/li>\n<\/ul>\t\t\t<\/nav>\n\t\t\t\t\t<div class=\"elementor-menu-toggle\" role=\"button\" tabindex=\"0\" aria-label=\"Menu Toggle\" aria-expanded=\"false\">\n\t\t\t<svg aria-hidden=\"true\" role=\"presentation\" class=\"elementor-menu-toggle__icon--open e-font-icon-svg e-eicon-menu-bar\" viewBox=\"0 0 1000 1000\" xmlns=\"http:\/\/www.w3.org\/2000\/svg\"><path d=\"M104 333H896C929 333 958 304 958 271S929 208 896 208H104C71 208 42 237 42 271S71 333 104 333ZM104 583H896C929 583 958 554 958 521S929 458 896 458H104C71 458 42 487 42 521S71 583 104 583ZM104 833H896C929 833 958 804 958 771S929 708 896 708H104C71 708 42 737 42 771S71 833 104 833Z\"><\/path><\/svg><svg aria-hidden=\"true\" role=\"presentation\" class=\"elementor-menu-toggle__icon--close e-font-icon-svg e-eicon-close\" viewBox=\"0 0 1000 1000\" xmlns=\"http:\/\/www.w3.org\/2000\/svg\"><path d=\"M742 167L500 408 258 167C246 154 233 150 217 150 196 150 179 158 167 167 154 179 150 196 150 212 150 229 154 242 171 254L408 500 167 742C138 771 138 800 167 829 196 858 225 858 254 829L496 587 738 829C750 842 767 846 783 846 800 846 817 842 829 829 842 817 846 804 846 783 846 767 842 750 829 737L588 500 833 258C863 229 863 200 833 171 804 137 775 137 742 167Z\"><\/path><\/svg>\t\t<\/div>\n\t\t\t\t\t<nav class=\"elementor-nav-menu--dropdown elementor-nav-menu__container\" aria-hidden=\"true\">\n\t\t\t\t<ul id=\"menu-2-1001250\" class=\"elementor-nav-menu\"><li class=\"menu-item menu-item-type-post_type menu-item-object-page menu-item-260\"><a href=\"https:\/\/anarosh.nl\/?page_id=225\" class=\"elementor-item\" tabindex=\"-1\">Home<\/a><\/li>\n<li class=\"menu-item menu-item-type-post_type menu-item-object-page menu-item-259\"><a href=\"https:\/\/anarosh.nl\/?page_id=230\" class=\"elementor-item\" tabindex=\"-1\">\u00dcber Anarosh<\/a><\/li>\n<li class=\"menu-item menu-item-type-post_type menu-item-object-page menu-item-258\"><a href=\"https:\/\/anarosh.nl\/?page_id=235\" class=\"elementor-item\" tabindex=\"-1\">Wer ist Ekta Anarosh<\/a><\/li>\n<li class=\"menu-item menu-item-type-post_type menu-item-object-page menu-item-257\"><a href=\"https:\/\/anarosh.nl\/?page_id=240\" class=\"elementor-item\" tabindex=\"-1\">Vorgehen<\/a><\/li>\n<li class=\"menu-item menu-item-type-post_type menu-item-object-page menu-item-256\"><a href=\"https:\/\/anarosh.nl\/?page_id=245\" class=\"elementor-item\" tabindex=\"-1\">Sponsors<\/a><\/li>\n<li class=\"menu-item menu-item-type-post_type menu-item-object-page menu-item-255\"><a href=\"https:\/\/anarosh.nl\/?page_id=250\" class=\"elementor-item\" tabindex=\"-1\">Contact<\/a><\/li>\n<\/ul>\t\t\t<\/nav>\n\t\t\t\t\t\t<\/div>\n\t\t\t\t<\/div>\n\t\t\t\t\t<\/div>\n\t\t\t\t<\/div>\n\t\t<div class=\"elementor-element elementor-element-e23f89b e-flex e-con-boxed e-con e-parent\" data-id=\"e23f89b\" data-element_type=\"container\" data-settings=\"{&quot;background_background&quot;:&quot;slideshow&quot;,&quot;background_slideshow_gallery&quot;:[{&quot;id&quot;:33,&quot;url&quot;:&quot;https:\\\/\\\/anarosh.nl\\\/wp-content\\\/uploads\\\/2025\\\/04\\\/foto_1.jpg&quot;},{&quot;id&quot;:34,&quot;url&quot;:&quot;https:\\\/\\\/anarosh.nl\\\/wp-content\\\/uploads\\\/2025\\\/04\\\/foto_2.jpg&quot;},{&quot;id&quot;:35,&quot;url&quot;:&quot;https:\\\/\\\/anarosh.nl\\\/wp-content\\\/uploads\\\/2025\\\/04\\\/foto_3.jpg&quot;},{&quot;id&quot;:36,&quot;url&quot;:&quot;https:\\\/\\\/anarosh.nl\\\/wp-content\\\/uploads\\\/2025\\\/04\\\/foto_4.jpg&quot;}],&quot;background_slideshow_loop&quot;:&quot;yes&quot;,&quot;background_slideshow_slide_duration&quot;:5000,&quot;background_slideshow_slide_transition&quot;:&quot;fade&quot;,&quot;background_slideshow_transition_duration&quot;:500}\">\n\t\t\t\t\t<div class=\"e-con-inner\">\n\t\t\t\t\t<\/div>\n\t\t\t\t<\/div>\n\t\t<div class=\"elementor-element elementor-element-cc07c76 e-flex e-con-boxed e-con e-parent\" data-id=\"cc07c76\" data-element_type=\"container\" data-settings=\"{&quot;background_background&quot;:&quot;classic&quot;}\">\n\t\t\t\t\t<div class=\"e-con-inner\">\n\t\t\t\t<div class=\"elementor-element elementor-element-c54078d elementor-widget elementor-widget-heading\" data-id=\"c54078d\" data-element_type=\"widget\" data-widget_type=\"heading.default\">\n\t\t\t\t<div class=\"elementor-widget-container\">\n\t\t\t\t\t<h2 class=\"elementor-heading-title elementor-size-default\">Vorgehen\/Arbeitsweise von Anarosh<\/h2>\t\t\t\t<\/div>\n\t\t\t\t<\/div>\n\t\t\t\t<div class=\"elementor-element elementor-element-ac47af4 elementor-widget elementor-widget-text-editor\" data-id=\"ac47af4\" data-element_type=\"widget\" data-widget_type=\"text-editor.default\">\n\t\t\t\t<div class=\"elementor-widget-container\">\n\t\t\t\t\t\t\t\t\t<p>Anarosh hat ein sehr simples, aber effektives System. Die Pr\u00e4misse ist, dass wir kein Geld verschenken. Viel effektiver ist es n\u00e4mlich, wenn wir mit lokalen Unternehmen wie Buchhandlungen oder \u00e4hnliches Vereinbarungen treffen. Jewel k\u00fcmmert sich um die Schulausstattung der registrierten Anorash Kinder in Zusammenarbeit mit Buchh\u00e4ndlern und h\u00e4lt die Stiftung stets auf dem laufenden. Bis dato funktioniert alles reibungslos \u2013 besten Dank!<\/p>\t\t\t\t\t\t\t\t<\/div>\n\t\t\t\t<\/div>\n\t\t\t\t<div class=\"elementor-element elementor-element-c842e54 elementor-widget elementor-widget-heading\" data-id=\"c842e54\" data-element_type=\"widget\" data-widget_type=\"heading.default\">\n\t\t\t\t<div class=\"elementor-widget-container\">\n\t\t\t\t\t<h6 class=\"elementor-heading-title elementor-size-default\">Wer ist berechtigt auf Unterst\u00fctzung<\/h6>\t\t\t\t<\/div>\n\t\t\t\t<\/div>\n\t\t\t\t<div class=\"elementor-element elementor-element-2261f88 elementor-widget elementor-widget-text-editor\" data-id=\"2261f88\" data-element_type=\"widget\" data-widget_type=\"text-editor.default\">\n\t\t\t\t<div class=\"elementor-widget-container\">\n\t\t\t\t\t\t\t\t\t<p>Das ist eine schwere Frage zu beantworten, denn es gibt viele Kinder die eine Unterst\u00fctzung brauchen und eine Auswahl zu treffen ist nicht immer leicht. Jewel nimmt hier die wichtige Rolle als Vermittler ein, denn mit einem europ\u00e4ischen Hintergrund ist es beinahe unm\u00f6glich zu erkennen, welche Kinder wirklich Unterst\u00fctzung brauchen. Jewel also bem\u00fcht sich in Gespr\u00e4chen mit den Kindern und ihren Eltern herauszufinden, welche Kinder f\u00fcr Anarosh in Frage kommen. F\u00fcr Anarosh ist ausschlaggebend, dass sich die Kinder sowie ihre Eltern f\u00fcr eine gute Ausbildung interessieren und trotz wenigen finanziellen Mitteln sich auch engagieren. Nach Aufnahme in das Anarosh Programm werden nach individuellen L\u00f6sungen f\u00fcr das jeweilige Kind gesucht. Hier \u00fcbernimmt einmal mehr Jewel die Verantwortung. Eine Voraussetzung f\u00fcr die Aufnahme in das Anarosh Programm ist, das sich die Sch\u00fcler im Lernen gegenseitig Unterst\u00fctzens zum Beispiel mit Nachhilfe oder \u00e4hnlichem; dies ist mitunter der Grund daf\u00fcr weshalb Wert darauf gelegt wird, Kinder unterschiedlichen Alters aufzunehmen.<\/p>\t\t\t\t\t\t\t\t<\/div>\n\t\t\t\t<\/div>\n\t\t\t\t<div class=\"elementor-element elementor-element-815fe4d elementor-widget elementor-widget-heading\" data-id=\"815fe4d\" data-element_type=\"widget\" data-widget_type=\"heading.default\">\n\t\t\t\t<div class=\"elementor-widget-container\">\n\t\t\t\t\t<h6 class=\"elementor-heading-title elementor-size-default\">Aufwand und Ertrag<\/h6>\t\t\t\t<\/div>\n\t\t\t\t<\/div>\n\t\t\t\t<div class=\"elementor-element elementor-element-ee6fc49 elementor-widget elementor-widget-text-editor\" data-id=\"ee6fc49\" data-element_type=\"widget\" data-widget_type=\"text-editor.default\">\n\t\t\t\t<div class=\"elementor-widget-container\">\n\t\t\t\t\t\t\t\t\t<p>Das Grundeinkommen der Anarosh Stiftung kommt von einer Rente welche Hubert Koekenberg zur Verf\u00fcgung stellt. Die Kosten der Anarosh Stiftung werden zurzeit j\u00e4hrlich abgerechnet. Dar\u00fcber hinaus werden die Bem\u00fchungen Jewels je nach Aufwand verg\u00fctet. F\u00fcr den Notar sowie den Steuerberater fallen keine Geb\u00fchren an, diese Arbeiten werden kostenlos angeboten.<\/p>\t\t\t\t\t\t\t\t<\/div>\n\t\t\t\t<\/div>\n\t\t\t\t\t<\/div>\n\t\t\t\t<\/div>\n\t\t\t\t<\/div>\n\t\t","protected":false},"excerpt":{"rendered":"<p>Vorgehen\/Arbeitsweise von Anarosh Anarosh hat ein sehr simples, aber effektives System. Die Pr\u00e4misse ist, dass wir kein Geld verschenken. Viel effektiver ist es n\u00e4mlich, wenn wir mit lokalen Unternehmen wie Buchhandlungen oder \u00e4hnliches Vereinbarungen treffen. Jewel k\u00fcmmert sich um die Schulausstattung der registrierten Anorash Kinder in Zusammenarbeit mit Buchh\u00e4ndlern und h\u00e4lt die Stiftung stets auf [&hellip;]<\/p>\n","protected":false},"author":1,"featured_media":0,"parent":0,"menu_order":0,"comment_status":"closed","ping_status":"closed","template":"","meta":{"footnotes":""},"class_list":["post-240","page","type-page","status-publish","hentry"],"_links":{"self":[{"href":"https:\/\/anarosh.nl\/index.php?rest_route=\/wp\/v2\/pages\/240","targetHints":{"allow":["GET"]}}],"collection":[{"href":"https:\/\/anarosh.nl\/index.php?rest_route=\/wp\/v2\/pages"}],"about":[{"href":"https:\/\/anarosh.nl\/index.php?rest_route=\/wp\/v2\/types\/page"}],"author":[{"embeddable":true,"href":"https:\/\/anarosh.nl\/index.php?rest_route=\/wp\/v2\/users\/1"}],"replies":[{"embeddable":true,"href":"https:\/\/anarosh.nl\/index.php?rest_route=%2Fwp%2Fv2%2Fcomments&post=240"}],"version-history":[{"count":16,"href":"https:\/\/anarosh.nl\/index.php?rest_route=\/wp\/v2\/pages\/240\/revisions"}],"predecessor-version":[{"id":461,"href":"https:\/\/anarosh.nl\/index.php?rest_route=\/wp\/v2\/pages\/240\/revisions\/461"}],"wp:attachment":[{"href":"https:\/\/anarosh.nl\/index.php?rest_route=%2Fwp%2Fv2%2Fmedia&parent=240"}],"curies":[{"name":"wp","href":"https:\/\/api.w.org\/{rel}","templated":true}]}}