{"id":230,"date":"2025-05-03T07:14:24","date_gmt":"2025-05-03T07:14:24","guid":{"rendered":"https:\/\/flamboyant-elion.62-116-169-194.plesk.page\/?page_id=230"},"modified":"2025-06-06T11:30:05","modified_gmt":"2025-06-06T11:30:05","slug":"uber-anarosh","status":"publish","type":"page","link":"https:\/\/anarosh.nl\/?page_id=230","title":{"rendered":"\u00dcber Anarosh"},"content":{"rendered":"\t\t<div data-elementor-type=\"wp-page\" data-elementor-id=\"230\" class=\"elementor elementor-230\" data-elementor-post-type=\"page\">\n\t\t\t\t<div class=\"elementor-element elementor-element-1491ba2 e-flex e-con-boxed e-con e-parent\" data-id=\"1491ba2\" data-element_type=\"container\" data-settings=\"{&quot;background_background&quot;:&quot;classic&quot;}\">\n\t\t\t\t\t<div class=\"e-con-inner\">\n\t\t\t\t<div class=\"elementor-element elementor-element-2f6d3f5 elementor-nav-menu__align-justify elementor-nav-menu--dropdown-tablet elementor-nav-menu__text-align-aside elementor-nav-menu--toggle elementor-nav-menu--burger elementor-widget elementor-widget-nav-menu\" data-id=\"2f6d3f5\" data-element_type=\"widget\" data-settings=\"{&quot;layout&quot;:&quot;horizontal&quot;,&quot;submenu_icon&quot;:{&quot;value&quot;:&quot;&lt;svg class=\\&quot;e-font-icon-svg e-fas-caret-down\\&quot; viewBox=\\&quot;0 0 320 512\\&quot; xmlns=\\&quot;http:\\\/\\\/www.w3.org\\\/2000\\\/svg\\&quot;&gt;&lt;path d=\\&quot;M31.3 192h257.3c17.8 0 26.7 21.5 14.1 34.1L174.1 354.8c-7.8 7.8-20.5 7.8-28.3 0L17.2 226.1C4.6 213.5 13.5 192 31.3 192z\\&quot;&gt;&lt;\\\/path&gt;&lt;\\\/svg&gt;&quot;,&quot;library&quot;:&quot;fa-solid&quot;},&quot;toggle&quot;:&quot;burger&quot;}\" data-widget_type=\"nav-menu.default\">\n\t\t\t\t<div class=\"elementor-widget-container\">\n\t\t\t\t\t\t\t\t<nav aria-label=\"Menu\" class=\"elementor-nav-menu--main elementor-nav-menu__container elementor-nav-menu--layout-horizontal e--pointer-underline e--animation-fade\">\n\t\t\t\t<ul id=\"menu-1-2f6d3f5\" class=\"elementor-nav-menu\"><li class=\"menu-item menu-item-type-post_type menu-item-object-page menu-item-260\"><a href=\"https:\/\/anarosh.nl\/?page_id=225\" class=\"elementor-item\">Home<\/a><\/li>\n<li class=\"menu-item menu-item-type-post_type menu-item-object-page menu-item-259\"><a href=\"https:\/\/anarosh.nl\/?page_id=230\" class=\"elementor-item\">\u00dcber Anarosh<\/a><\/li>\n<li class=\"menu-item menu-item-type-post_type menu-item-object-page menu-item-258\"><a href=\"https:\/\/anarosh.nl\/?page_id=235\" class=\"elementor-item\">Wer ist Ekta Anarosh<\/a><\/li>\n<li class=\"menu-item menu-item-type-post_type menu-item-object-page menu-item-257\"><a href=\"https:\/\/anarosh.nl\/?page_id=240\" class=\"elementor-item\">Vorgehen<\/a><\/li>\n<li class=\"menu-item menu-item-type-post_type menu-item-object-page menu-item-256\"><a href=\"https:\/\/anarosh.nl\/?page_id=245\" class=\"elementor-item\">Sponsors<\/a><\/li>\n<li class=\"menu-item menu-item-type-post_type menu-item-object-page menu-item-255\"><a href=\"https:\/\/anarosh.nl\/?page_id=250\" class=\"elementor-item\">Contact<\/a><\/li>\n<\/ul>\t\t\t<\/nav>\n\t\t\t\t\t<div class=\"elementor-menu-toggle\" role=\"button\" tabindex=\"0\" aria-label=\"Menu Toggle\" aria-expanded=\"false\">\n\t\t\t<svg aria-hidden=\"true\" role=\"presentation\" class=\"elementor-menu-toggle__icon--open e-font-icon-svg e-eicon-menu-bar\" viewBox=\"0 0 1000 1000\" xmlns=\"http:\/\/www.w3.org\/2000\/svg\"><path d=\"M104 333H896C929 333 958 304 958 271S929 208 896 208H104C71 208 42 237 42 271S71 333 104 333ZM104 583H896C929 583 958 554 958 521S929 458 896 458H104C71 458 42 487 42 521S71 583 104 583ZM104 833H896C929 833 958 804 958 771S929 708 896 708H104C71 708 42 737 42 771S71 833 104 833Z\"><\/path><\/svg><svg aria-hidden=\"true\" role=\"presentation\" class=\"elementor-menu-toggle__icon--close e-font-icon-svg e-eicon-close\" viewBox=\"0 0 1000 1000\" xmlns=\"http:\/\/www.w3.org\/2000\/svg\"><path d=\"M742 167L500 408 258 167C246 154 233 150 217 150 196 150 179 158 167 167 154 179 150 196 150 212 150 229 154 242 171 254L408 500 167 742C138 771 138 800 167 829 196 858 225 858 254 829L496 587 738 829C750 842 767 846 783 846 800 846 817 842 829 829 842 817 846 804 846 783 846 767 842 750 829 737L588 500 833 258C863 229 863 200 833 171 804 137 775 137 742 167Z\"><\/path><\/svg>\t\t<\/div>\n\t\t\t\t\t<nav class=\"elementor-nav-menu--dropdown elementor-nav-menu__container\" aria-hidden=\"true\">\n\t\t\t\t<ul id=\"menu-2-2f6d3f5\" class=\"elementor-nav-menu\"><li class=\"menu-item menu-item-type-post_type menu-item-object-page menu-item-260\"><a href=\"https:\/\/anarosh.nl\/?page_id=225\" class=\"elementor-item\" tabindex=\"-1\">Home<\/a><\/li>\n<li class=\"menu-item menu-item-type-post_type menu-item-object-page menu-item-259\"><a href=\"https:\/\/anarosh.nl\/?page_id=230\" class=\"elementor-item\" tabindex=\"-1\">\u00dcber Anarosh<\/a><\/li>\n<li class=\"menu-item menu-item-type-post_type menu-item-object-page menu-item-258\"><a href=\"https:\/\/anarosh.nl\/?page_id=235\" class=\"elementor-item\" tabindex=\"-1\">Wer ist Ekta Anarosh<\/a><\/li>\n<li class=\"menu-item menu-item-type-post_type menu-item-object-page menu-item-257\"><a href=\"https:\/\/anarosh.nl\/?page_id=240\" class=\"elementor-item\" tabindex=\"-1\">Vorgehen<\/a><\/li>\n<li class=\"menu-item menu-item-type-post_type menu-item-object-page menu-item-256\"><a href=\"https:\/\/anarosh.nl\/?page_id=245\" class=\"elementor-item\" tabindex=\"-1\">Sponsors<\/a><\/li>\n<li class=\"menu-item menu-item-type-post_type menu-item-object-page menu-item-255\"><a href=\"https:\/\/anarosh.nl\/?page_id=250\" class=\"elementor-item\" tabindex=\"-1\">Contact<\/a><\/li>\n<\/ul>\t\t\t<\/nav>\n\t\t\t\t\t\t<\/div>\n\t\t\t\t<\/div>\n\t\t\t\t\t<\/div>\n\t\t\t\t<\/div>\n\t\t<div class=\"elementor-element elementor-element-4e631ec e-flex e-con-boxed e-con e-parent\" data-id=\"4e631ec\" data-element_type=\"container\" data-settings=\"{&quot;background_background&quot;:&quot;slideshow&quot;,&quot;background_slideshow_gallery&quot;:[{&quot;id&quot;:33,&quot;url&quot;:&quot;https:\\\/\\\/anarosh.nl\\\/wp-content\\\/uploads\\\/2025\\\/04\\\/foto_1.jpg&quot;},{&quot;id&quot;:34,&quot;url&quot;:&quot;https:\\\/\\\/anarosh.nl\\\/wp-content\\\/uploads\\\/2025\\\/04\\\/foto_2.jpg&quot;},{&quot;id&quot;:35,&quot;url&quot;:&quot;https:\\\/\\\/anarosh.nl\\\/wp-content\\\/uploads\\\/2025\\\/04\\\/foto_3.jpg&quot;},{&quot;id&quot;:36,&quot;url&quot;:&quot;https:\\\/\\\/anarosh.nl\\\/wp-content\\\/uploads\\\/2025\\\/04\\\/foto_4.jpg&quot;}],&quot;background_slideshow_loop&quot;:&quot;yes&quot;,&quot;background_slideshow_slide_duration&quot;:5000,&quot;background_slideshow_slide_transition&quot;:&quot;fade&quot;,&quot;background_slideshow_transition_duration&quot;:500}\">\n\t\t\t\t\t<div class=\"e-con-inner\">\n\t\t\t\t\t<\/div>\n\t\t\t\t<\/div>\n\t\t<div class=\"elementor-element elementor-element-8600f79 e-flex e-con-boxed e-con e-parent\" data-id=\"8600f79\" data-element_type=\"container\" data-settings=\"{&quot;background_background&quot;:&quot;classic&quot;}\">\n\t\t\t\t\t<div class=\"e-con-inner\">\n\t\t\t\t<div class=\"elementor-element elementor-element-96c37a2 elementor-widget elementor-widget-heading\" data-id=\"96c37a2\" data-element_type=\"widget\" data-widget_type=\"heading.default\">\n\t\t\t\t<div class=\"elementor-widget-container\">\n\t\t\t\t\t<h2 class=\"elementor-heading-title elementor-size-default\">\u00dcber Anarosh<\/h2>\t\t\t\t<\/div>\n\t\t\t\t<\/div>\n\t\t\t\t<div class=\"elementor-element elementor-element-9407170 elementor-widget elementor-widget-text-editor\" data-id=\"9407170\" data-element_type=\"widget\" data-widget_type=\"text-editor.default\">\n\t\t\t\t<div class=\"elementor-widget-container\">\n\t\t\t\t\t\t\t\t\t<p>Die Stiftung Ekta Anarosh hat seinen Fokus auf das Gebiet direkt n\u00f6rdlich von Dhaka gelegt, wo auch die ersten Kontakte gekn\u00fcpft wurden.<\/p><p>Das Team vor Ort besteht aus Elisabeth Fahrni Mansur und Jewel Monstafizur Rahman.<\/p><p>Elisabeth ist die treibende Kraft hinter der Umweltsschutzorganisation Mowgliz (&#8230;.). Zusammen mit ihrem Mann Rubalyat Mansur Mowgli setzt sie sich seit Jahren f\u00fcr den Naturschutz in dem \u00fcberaus verwundbaren Sundarban Delta ein.<\/p><p>Jewel ist ein Menschenmensch und kennt sich sehr gut in und \u00fcber Bangladesh aus. Er ist der Gr\u00fcnder der Royal Bengal Tours, stets zuverl\u00e4ssig \u2013 sei es f\u00fcr Touristen oder internationale Filmcrews \u2013 und ist vor allem sehr betroffen \u00fcber seiner Heimat und seine Landesleute.<\/p>\t\t\t\t\t\t\t\t<\/div>\n\t\t\t\t<\/div>\n\t\t\t\t<div class=\"elementor-element elementor-element-dc462bb elementor-widget elementor-widget-heading\" data-id=\"dc462bb\" data-element_type=\"widget\" data-widget_type=\"heading.default\">\n\t\t\t\t<div class=\"elementor-widget-container\">\n\t\t\t\t\t<h6 class=\"elementor-heading-title elementor-size-default\">Studenten<\/h6>\t\t\t\t<\/div>\n\t\t\t\t<\/div>\n\t\t\t\t<div class=\"elementor-element elementor-element-5267e03 elementor-widget elementor-widget-text-editor\" data-id=\"5267e03\" data-element_type=\"widget\" data-widget_type=\"text-editor.default\">\n\t\t\t\t<div class=\"elementor-widget-container\">\n\t\t\t\t\t\t\t\t\t<p>&#8211; Ekta Anarosh m\u00f6chte langfristig Unterst\u00fctzung f\u00fcr die Grundschule sowie weiterf\u00fchrende Schulen bieten. Die Auswahl der Studenten wird durch Jewel in Zusammenarbeit mit den jeweiligen Schulleitern getroffen und auf j\u00e4hrlicher Basis gepr\u00fcft und evaluiert.<\/p><p>&#8211; Abh\u00e4ngig von der finanziellen Situation der Familie, den Schulleistungen sowie den individuellen Zukunftsperspektiven wird bestimmt, ob ein Student teilnehmen darf\/will\/kann. Die pers\u00f6nliche Situation sowie die individuellen Schulleistungen jedes Studenten werden j\u00e4hrlich evaluiert. Auf Basis dieser Evaluation wird bestimmt, ob sie oder er f\u00fcr das n\u00e4chste Jahr wieder unterst\u00fctz werden sollen. Bei dieser Evaluation ist jeweils Jewel, der Sch\u00fcler, ein Lehrer sowie die Familie des Kindes anwesend.<\/p>\t\t\t\t\t\t\t\t<\/div>\n\t\t\t\t<\/div>\n\t\t\t\t<div class=\"elementor-element elementor-element-ceb5ec8 elementor-widget elementor-widget-heading\" data-id=\"ceb5ec8\" data-element_type=\"widget\" data-widget_type=\"heading.default\">\n\t\t\t\t<div class=\"elementor-widget-container\">\n\t\t\t\t\t<h6 class=\"elementor-heading-title elementor-size-default\">Studienfinanzierung<\/h6>\t\t\t\t<\/div>\n\t\t\t\t<\/div>\n\t\t\t\t<div class=\"elementor-element elementor-element-93a21c1 elementor-widget elementor-widget-text-editor\" data-id=\"93a21c1\" data-element_type=\"widget\" data-widget_type=\"text-editor.default\">\n\t\t\t\t<div class=\"elementor-widget-container\">\n\t\t\t\t\t\t\t\t\t<p id=\"u639-29\">Als Leitfaden k\u00f6nnen auf j\u00e4hrlicher Basis die folgenden Betr\u00e4ge verwendet werden:<\/p><p id=\"u639-32\">Grundschule: pro Kind wird mit durchschnittlich \u20ac55 pro Jahr gerechnet<\/p><p id=\"u639-34\">Basisschule: f\u00fcr M\u00e4dchen wird durchschnittlich mit \u20ac185, f\u00fcr Jungen mit \u20ac200 gerechnet<\/p><p id=\"u639-36\">College: abh\u00e4ngig von der Lage beziehungsweise Distanz des Wohnortes von dem College<\/p><p id=\"u639-38\">Universit\u00e4t: pro Student wird mit durchschnittlich \u20ac550 pro Jahr gerechnet<\/p>\t\t\t\t\t\t\t\t<\/div>\n\t\t\t\t<\/div>\n\t\t\t\t<div class=\"elementor-element elementor-element-e3f9af7 elementor-widget elementor-widget-heading\" data-id=\"e3f9af7\" data-element_type=\"widget\" data-widget_type=\"heading.default\">\n\t\t\t\t<div class=\"elementor-widget-container\">\n\t\t\t\t\t<h6 class=\"elementor-heading-title elementor-size-default\">Dauer der Ausbildung<\/h6>\t\t\t\t<\/div>\n\t\t\t\t<\/div>\n\t\t\t\t<div class=\"elementor-element elementor-element-22790ca elementor-widget elementor-widget-text-editor\" data-id=\"22790ca\" data-element_type=\"widget\" data-widget_type=\"text-editor.default\">\n\t\t\t\t<div class=\"elementor-widget-container\">\n\t\t\t\t\t\t\t\t\t<ol><li>Grundschule: 5 Jahre<\/li><li>Basisschule: 5 Jahre<\/li><li>College: 3 Jahre<\/li><li>Universit\u00e4t: 4 bis 6 Jahre<\/li><\/ol>\t\t\t\t\t\t\t\t<\/div>\n\t\t\t\t<\/div>\n\t\t\t\t<div class=\"elementor-element elementor-element-e01b904 elementor-widget elementor-widget-heading\" data-id=\"e01b904\" data-element_type=\"widget\" data-widget_type=\"heading.default\">\n\t\t\t\t<div class=\"elementor-widget-container\">\n\t\t\t\t\t<h6 class=\"elementor-heading-title elementor-size-default\">\u00dcbriges<\/h6>\t\t\t\t<\/div>\n\t\t\t\t<\/div>\n\t\t\t\t<div class=\"elementor-element elementor-element-b02a20e elementor-widget elementor-widget-text-editor\" data-id=\"b02a20e\" data-element_type=\"widget\" data-widget_type=\"text-editor.default\">\n\t\t\t\t<div class=\"elementor-widget-container\">\n\t\t\t\t\t\t\t\t\t<p>&#8211; Die Schulb\u00fccher f\u00fcr die Grundschule werden in der Regel von der Regierung zur Verf\u00fcgung gestellt<\/p><p>&#8211; M\u00e4dchen m\u00fcssen f\u00fcr die Basisschule kein Schulgeld bezahlen<\/p><p>&#8211; Die Schulb\u00fccher welche Anarosh anschafft werden den Anarosh Studenten zur Verf\u00fcgung gestellt und nach Ende des Schuljahres wieder zur\u00fcckverlangt um wiederholt gebraucht zu werden<\/p>\t\t\t\t\t\t\t\t<\/div>\n\t\t\t\t<\/div>\n\t\t\t\t<div class=\"elementor-element elementor-element-5796b60 elementor-widget elementor-widget-heading\" data-id=\"5796b60\" data-element_type=\"widget\" data-widget_type=\"heading.default\">\n\t\t\t\t<div class=\"elementor-widget-container\">\n\t\t\t\t\t<h6 class=\"elementor-heading-title elementor-size-default\">Nachhilfe<\/h6>\t\t\t\t<\/div>\n\t\t\t\t<\/div>\n\t\t\t\t<div class=\"elementor-element elementor-element-d52dc86 elementor-widget elementor-widget-text-editor\" data-id=\"d52dc86\" data-element_type=\"widget\" data-widget_type=\"text-editor.default\">\n\t\t\t\t<div class=\"elementor-widget-container\">\n\t\t\t\t\t\t\t\t\t<p>&#8211; Falls Grundschulstudenten in Verbindung mit dem Analphabetismus der Eltern zus\u00e4tzliche Unterst\u00fctzung brauchen wird durch \u00e4ltere Anarosh Studenten Nachhilfe angeboten. Als Entl\u00f6hnung erhalten die Anarosh Tutoren monatlich Reis, Linsen oder Tiere<\/p>\t\t\t\t\t\t\t\t<\/div>\n\t\t\t\t<\/div>\n\t\t\t\t\t<\/div>\n\t\t\t\t<\/div>\n\t\t\t\t<\/div>\n\t\t","protected":false},"excerpt":{"rendered":"<p>\u00dcber Anarosh Die Stiftung Ekta Anarosh hat seinen Fokus auf das Gebiet direkt n\u00f6rdlich von Dhaka gelegt, wo auch die ersten Kontakte gekn\u00fcpft wurden. Das Team vor Ort besteht aus Elisabeth Fahrni Mansur und Jewel Monstafizur Rahman. Elisabeth ist die treibende Kraft hinter der Umweltsschutzorganisation Mowgliz (&#8230;.). Zusammen mit ihrem Mann Rubalyat Mansur Mowgli setzt [&hellip;]<\/p>\n","protected":false},"author":1,"featured_media":0,"parent":0,"menu_order":0,"comment_status":"closed","ping_status":"closed","template":"","meta":{"footnotes":""},"class_list":["post-230","page","type-page","status-publish","hentry"],"_links":{"self":[{"href":"https:\/\/anarosh.nl\/index.php?rest_route=\/wp\/v2\/pages\/230","targetHints":{"allow":["GET"]}}],"collection":[{"href":"https:\/\/anarosh.nl\/index.php?rest_route=\/wp\/v2\/pages"}],"about":[{"href":"https:\/\/anarosh.nl\/index.php?rest_route=\/wp\/v2\/types\/page"}],"author":[{"embeddable":true,"href":"https:\/\/anarosh.nl\/index.php?rest_route=\/wp\/v2\/users\/1"}],"replies":[{"embeddable":true,"href":"https:\/\/anarosh.nl\/index.php?rest_route=%2Fwp%2Fv2%2Fcomments&post=230"}],"version-history":[{"count":13,"href":"https:\/\/anarosh.nl\/index.php?rest_route=\/wp\/v2\/pages\/230\/revisions"}],"predecessor-version":[{"id":455,"href":"https:\/\/anarosh.nl\/index.php?rest_route=\/wp\/v2\/pages\/230\/revisions\/455"}],"wp:attachment":[{"href":"https:\/\/anarosh.nl\/index.php?rest_route=%2Fwp%2Fv2%2Fmedia&parent=230"}],"curies":[{"name":"wp","href":"https:\/\/api.w.org\/{rel}","templated":true}]}}