{"id":225,"date":"2025-05-03T07:13:45","date_gmt":"2025-05-03T07:13:45","guid":{"rendered":"https:\/\/flamboyant-elion.62-116-169-194.plesk.page\/?page_id=225"},"modified":"2025-06-06T11:29:44","modified_gmt":"2025-06-06T11:29:44","slug":"home-de","status":"publish","type":"page","link":"https:\/\/anarosh.nl\/?page_id=225","title":{"rendered":"Home (de)"},"content":{"rendered":"\t\t<div data-elementor-type=\"wp-page\" data-elementor-id=\"225\" class=\"elementor elementor-225\" data-elementor-post-type=\"page\">\n\t\t\t\t<div class=\"elementor-element elementor-element-65b4b38 e-flex e-con-boxed e-con e-parent\" data-id=\"65b4b38\" data-element_type=\"container\" data-settings=\"{&quot;background_background&quot;:&quot;classic&quot;}\">\n\t\t\t\t\t<div class=\"e-con-inner\">\n\t\t\t\t<div class=\"elementor-element elementor-element-6e4d780 elementor-nav-menu__align-justify elementor-nav-menu--dropdown-tablet elementor-nav-menu__text-align-aside elementor-nav-menu--toggle elementor-nav-menu--burger elementor-widget elementor-widget-nav-menu\" data-id=\"6e4d780\" data-element_type=\"widget\" data-settings=\"{&quot;layout&quot;:&quot;horizontal&quot;,&quot;submenu_icon&quot;:{&quot;value&quot;:&quot;&lt;svg class=\\&quot;e-font-icon-svg e-fas-caret-down\\&quot; viewBox=\\&quot;0 0 320 512\\&quot; xmlns=\\&quot;http:\\\/\\\/www.w3.org\\\/2000\\\/svg\\&quot;&gt;&lt;path d=\\&quot;M31.3 192h257.3c17.8 0 26.7 21.5 14.1 34.1L174.1 354.8c-7.8 7.8-20.5 7.8-28.3 0L17.2 226.1C4.6 213.5 13.5 192 31.3 192z\\&quot;&gt;&lt;\\\/path&gt;&lt;\\\/svg&gt;&quot;,&quot;library&quot;:&quot;fa-solid&quot;},&quot;toggle&quot;:&quot;burger&quot;}\" data-widget_type=\"nav-menu.default\">\n\t\t\t\t<div class=\"elementor-widget-container\">\n\t\t\t\t\t\t\t\t<nav aria-label=\"Menu\" class=\"elementor-nav-menu--main elementor-nav-menu__container elementor-nav-menu--layout-horizontal e--pointer-underline e--animation-fade\">\n\t\t\t\t<ul id=\"menu-1-6e4d780\" class=\"elementor-nav-menu\"><li class=\"menu-item menu-item-type-post_type menu-item-object-page menu-item-260\"><a href=\"https:\/\/anarosh.nl\/?page_id=225\" class=\"elementor-item\">Home<\/a><\/li>\n<li class=\"menu-item menu-item-type-post_type menu-item-object-page menu-item-259\"><a href=\"https:\/\/anarosh.nl\/?page_id=230\" class=\"elementor-item\">\u00dcber Anarosh<\/a><\/li>\n<li class=\"menu-item menu-item-type-post_type menu-item-object-page menu-item-258\"><a href=\"https:\/\/anarosh.nl\/?page_id=235\" class=\"elementor-item\">Wer ist Ekta Anarosh<\/a><\/li>\n<li class=\"menu-item menu-item-type-post_type menu-item-object-page menu-item-257\"><a href=\"https:\/\/anarosh.nl\/?page_id=240\" class=\"elementor-item\">Vorgehen<\/a><\/li>\n<li class=\"menu-item menu-item-type-post_type menu-item-object-page menu-item-256\"><a href=\"https:\/\/anarosh.nl\/?page_id=245\" class=\"elementor-item\">Sponsors<\/a><\/li>\n<li class=\"menu-item menu-item-type-post_type menu-item-object-page menu-item-255\"><a href=\"https:\/\/anarosh.nl\/?page_id=250\" class=\"elementor-item\">Contact<\/a><\/li>\n<\/ul>\t\t\t<\/nav>\n\t\t\t\t\t<div class=\"elementor-menu-toggle\" role=\"button\" tabindex=\"0\" aria-label=\"Menu Toggle\" aria-expanded=\"false\">\n\t\t\t<svg aria-hidden=\"true\" role=\"presentation\" class=\"elementor-menu-toggle__icon--open e-font-icon-svg e-eicon-menu-bar\" viewBox=\"0 0 1000 1000\" xmlns=\"http:\/\/www.w3.org\/2000\/svg\"><path d=\"M104 333H896C929 333 958 304 958 271S929 208 896 208H104C71 208 42 237 42 271S71 333 104 333ZM104 583H896C929 583 958 554 958 521S929 458 896 458H104C71 458 42 487 42 521S71 583 104 583ZM104 833H896C929 833 958 804 958 771S929 708 896 708H104C71 708 42 737 42 771S71 833 104 833Z\"><\/path><\/svg><svg aria-hidden=\"true\" role=\"presentation\" class=\"elementor-menu-toggle__icon--close e-font-icon-svg e-eicon-close\" viewBox=\"0 0 1000 1000\" xmlns=\"http:\/\/www.w3.org\/2000\/svg\"><path d=\"M742 167L500 408 258 167C246 154 233 150 217 150 196 150 179 158 167 167 154 179 150 196 150 212 150 229 154 242 171 254L408 500 167 742C138 771 138 800 167 829 196 858 225 858 254 829L496 587 738 829C750 842 767 846 783 846 800 846 817 842 829 829 842 817 846 804 846 783 846 767 842 750 829 737L588 500 833 258C863 229 863 200 833 171 804 137 775 137 742 167Z\"><\/path><\/svg>\t\t<\/div>\n\t\t\t\t\t<nav class=\"elementor-nav-menu--dropdown elementor-nav-menu__container\" aria-hidden=\"true\">\n\t\t\t\t<ul id=\"menu-2-6e4d780\" class=\"elementor-nav-menu\"><li class=\"menu-item menu-item-type-post_type menu-item-object-page menu-item-260\"><a href=\"https:\/\/anarosh.nl\/?page_id=225\" class=\"elementor-item\" tabindex=\"-1\">Home<\/a><\/li>\n<li class=\"menu-item menu-item-type-post_type menu-item-object-page menu-item-259\"><a href=\"https:\/\/anarosh.nl\/?page_id=230\" class=\"elementor-item\" tabindex=\"-1\">\u00dcber Anarosh<\/a><\/li>\n<li class=\"menu-item menu-item-type-post_type menu-item-object-page menu-item-258\"><a href=\"https:\/\/anarosh.nl\/?page_id=235\" class=\"elementor-item\" tabindex=\"-1\">Wer ist Ekta Anarosh<\/a><\/li>\n<li class=\"menu-item menu-item-type-post_type menu-item-object-page menu-item-257\"><a href=\"https:\/\/anarosh.nl\/?page_id=240\" class=\"elementor-item\" tabindex=\"-1\">Vorgehen<\/a><\/li>\n<li class=\"menu-item menu-item-type-post_type menu-item-object-page menu-item-256\"><a href=\"https:\/\/anarosh.nl\/?page_id=245\" class=\"elementor-item\" tabindex=\"-1\">Sponsors<\/a><\/li>\n<li class=\"menu-item menu-item-type-post_type menu-item-object-page menu-item-255\"><a href=\"https:\/\/anarosh.nl\/?page_id=250\" class=\"elementor-item\" tabindex=\"-1\">Contact<\/a><\/li>\n<\/ul>\t\t\t<\/nav>\n\t\t\t\t\t\t<\/div>\n\t\t\t\t<\/div>\n\t\t\t\t\t<\/div>\n\t\t\t\t<\/div>\n\t\t<div class=\"elementor-element elementor-element-bc18aa1 e-flex e-con-boxed e-con e-parent\" data-id=\"bc18aa1\" data-element_type=\"container\" data-settings=\"{&quot;background_background&quot;:&quot;slideshow&quot;,&quot;background_slideshow_gallery&quot;:[{&quot;id&quot;:33,&quot;url&quot;:&quot;https:\\\/\\\/anarosh.nl\\\/wp-content\\\/uploads\\\/2025\\\/04\\\/foto_1.jpg&quot;},{&quot;id&quot;:34,&quot;url&quot;:&quot;https:\\\/\\\/anarosh.nl\\\/wp-content\\\/uploads\\\/2025\\\/04\\\/foto_2.jpg&quot;},{&quot;id&quot;:35,&quot;url&quot;:&quot;https:\\\/\\\/anarosh.nl\\\/wp-content\\\/uploads\\\/2025\\\/04\\\/foto_3.jpg&quot;},{&quot;id&quot;:36,&quot;url&quot;:&quot;https:\\\/\\\/anarosh.nl\\\/wp-content\\\/uploads\\\/2025\\\/04\\\/foto_4.jpg&quot;}],&quot;background_slideshow_loop&quot;:&quot;yes&quot;,&quot;background_slideshow_slide_duration&quot;:5000,&quot;background_slideshow_slide_transition&quot;:&quot;fade&quot;,&quot;background_slideshow_transition_duration&quot;:500}\">\n\t\t\t\t\t<div class=\"e-con-inner\">\n\t\t\t\t\t<\/div>\n\t\t\t\t<\/div>\n\t\t<div class=\"elementor-element elementor-element-ebb746f e-flex e-con-boxed e-con e-parent\" data-id=\"ebb746f\" data-element_type=\"container\" data-settings=\"{&quot;background_background&quot;:&quot;classic&quot;}\">\n\t\t\t\t\t<div class=\"e-con-inner\">\n\t\t\t\t<div class=\"elementor-element elementor-element-6399154 elementor-widget elementor-widget-heading\" data-id=\"6399154\" data-element_type=\"widget\" data-widget_type=\"heading.default\">\n\t\t\t\t<div class=\"elementor-widget-container\">\n\t\t\t\t\t<h2 class=\"elementor-heading-title elementor-size-default\">Home<\/h2>\t\t\t\t<\/div>\n\t\t\t\t<\/div>\n\t\t\t\t<div class=\"elementor-element elementor-element-44d70d9 elementor-widget elementor-widget-text-editor\" data-id=\"44d70d9\" data-element_type=\"widget\" data-widget_type=\"text-editor.default\">\n\t\t\t\t<div class=\"elementor-widget-container\">\n\t\t\t\t\t\t\t\t\t<p>Der s\u00fcsse Geschmack einer kleinen, reifen Ananas ist unvergesslich. Das selbe gilt f\u00fcr die Freundlichkeit der Bengalen sowie die respektvollen Begegnungen mit den Bewohnern Bangladeshs.<\/p><p>Meine erste Reise in dieses faszinierende Land begann in der Hauptstadt Dhaka. Dhaka ist eine pulsierende Stadt mit \u00fcber 16 Millionen Einwohnern. Es herrscht ein permanentes Verkehrschaos, ein wahres Hupkonzert welches jedem, der dies schon erfahren durfte, beim lesen dieses Satzes gleich wieder vor Augen gef\u00fchrt wird.<\/p><p>Von Dhaka aus bin ich via Land und Luft nach Sundarban gereist. Die Mangrove W\u00e4lder sowie die endlos weissen Str\u00e4nde mit Spuren des Bengal-Tigers neben menschlichen Flip Flop Fussabdr\u00fccken erlauben einen Einblick in eine Welt des Staunens.<\/p><p>Danach bin ich in die Hills gefahren um die Tripura, die Bawm und die Marma zu besuchen \u2013 alle drei St\u00e4mme leben in kleinen Gruppen im S\u00fcdosten Bangladeshs. Das beibehalten ihrer Traditionen sowie das festhalten an ihrer eigenen Religion hat bis anhin zu heftigen Auseinandersetzungen gef\u00fchrt. Mittlerweile werden die St\u00e4mme besser akzeptiert, allm\u00e4hlich sogar besch\u00fctzt.<\/p><p>Weiter f\u00fchrte meine Reise nach Chittagong, eine Hafenstadt im Osten Bangladeshs. In Chittagong werden Schiffe aus aller Welt in einer eindr\u00fccklichen Werft in Einzelteile zerlegt und weiterverwertet. Die Arbeitsumst\u00e4nde sind erschreckend. In unserer westlichen Gesellschaft ist dies beinahe unvorstellbar. Dennoch verdienen tausende von Menschen hier ihr Lebensunterhalt.<\/p><p>Das Aufeinandertreffen der grossen Armut mit den unglaublich sch\u00f6nen Kontakten mit den Menschen Bangladeshs hat mich dazu bewegt, etwas zu unternehmen. Nun versuche ich, noch im kleinen Rahmen, zur\u00fcckzugeben und bin engagiert, Kindern eine Ausbildung beginnend mit der Grundschule und weiterf\u00fchrend mit Studien zu erm\u00f6glichen. F\u00fcr einen Weg in eine bessere Zukunft<\/p>\t\t\t\t\t\t\t\t<\/div>\n\t\t\t\t<\/div>\n\t\t\t\t\t<\/div>\n\t\t\t\t<\/div>\n\t\t\t\t<\/div>\n\t\t","protected":false},"excerpt":{"rendered":"<p>Home Der s\u00fcsse Geschmack einer kleinen, reifen Ananas ist unvergesslich. Das selbe gilt f\u00fcr die Freundlichkeit der Bengalen sowie die respektvollen Begegnungen mit den Bewohnern Bangladeshs. Meine erste Reise in dieses faszinierende Land begann in der Hauptstadt Dhaka. Dhaka ist eine pulsierende Stadt mit \u00fcber 16 Millionen Einwohnern. Es herrscht ein permanentes Verkehrschaos, ein wahres [&hellip;]<\/p>\n","protected":false},"author":1,"featured_media":0,"parent":0,"menu_order":0,"comment_status":"closed","ping_status":"closed","template":"","meta":{"footnotes":""},"class_list":["post-225","page","type-page","status-publish","hentry"],"_links":{"self":[{"href":"https:\/\/anarosh.nl\/index.php?rest_route=\/wp\/v2\/pages\/225","targetHints":{"allow":["GET"]}}],"collection":[{"href":"https:\/\/anarosh.nl\/index.php?rest_route=\/wp\/v2\/pages"}],"about":[{"href":"https:\/\/anarosh.nl\/index.php?rest_route=\/wp\/v2\/types\/page"}],"author":[{"embeddable":true,"href":"https:\/\/anarosh.nl\/index.php?rest_route=\/wp\/v2\/users\/1"}],"replies":[{"embeddable":true,"href":"https:\/\/anarosh.nl\/index.php?rest_route=%2Fwp%2Fv2%2Fcomments&post=225"}],"version-history":[{"count":16,"href":"https:\/\/anarosh.nl\/index.php?rest_route=\/wp\/v2\/pages\/225\/revisions"}],"predecessor-version":[{"id":452,"href":"https:\/\/anarosh.nl\/index.php?rest_route=\/wp\/v2\/pages\/225\/revisions\/452"}],"wp:attachment":[{"href":"https:\/\/anarosh.nl\/index.php?rest_route=%2Fwp%2Fv2%2Fmedia&parent=225"}],"curies":[{"name":"wp","href":"https:\/\/api.w.org\/{rel}","templated":true}]}}